{"id":29,"date":"2025-01-15T07:25:23","date_gmt":"2025-01-15T07:25:23","guid":{"rendered":"https:\/\/boomkwekerijmaas.nl\/startpagina\/"},"modified":"2025-05-27T15:09:17","modified_gmt":"2025-05-27T13:09:17","slug":"startpagina","status":"publish","type":"page","link":"https:\/\/boomkwekerijmaas.nl\/pl\/","title":{"rendered":"Startpagina"},"content":{"rendered":"<div class=\"wp-block-cover alignfull\" style=\"padding-top:0;padding-right:0;padding-bottom:var(--wp--preset--spacing--60);padding-left:0;min-height:80vh;aspect-ratio:unset;\"><img loading=\"lazy\" decoding=\"async\" width=\"2560\" height=\"1920\" class=\"wp-block-cover__image-background wp-image-134\" alt=\"\" src=\"https:\/\/boomkwekerijmaas.nl\/wp-content\/uploads\/2025\/01\/IMG_1455-2-kopie-2-scaled.jpg\" data-object-fit=\"cover\" srcset=\"https:\/\/boomkwekerijmaas.nl\/wp-content\/uploads\/2025\/01\/IMG_1455-2-kopie-2-scaled.jpg 2560w, https:\/\/boomkwekerijmaas.nl\/wp-content\/uploads\/2025\/01\/IMG_1455-2-kopie-2-300x225.jpg 300w, https:\/\/boomkwekerijmaas.nl\/wp-content\/uploads\/2025\/01\/IMG_1455-2-kopie-2-1024x768.jpg 1024w, https:\/\/boomkwekerijmaas.nl\/wp-content\/uploads\/2025\/01\/IMG_1455-2-kopie-2-768x576.jpg 768w, https:\/\/boomkwekerijmaas.nl\/wp-content\/uploads\/2025\/01\/IMG_1455-2-kopie-2-1536x1152.jpg 1536w, https:\/\/boomkwekerijmaas.nl\/wp-content\/uploads\/2025\/01\/IMG_1455-2-kopie-2-2048x1536.jpg 2048w, https:\/\/boomkwekerijmaas.nl\/wp-content\/uploads\/2025\/01\/IMG_1455-2-kopie-2-600x450.jpg 600w\" sizes=\"auto, (max-width: 2560px) 100vw, 2560px\" \/><span aria-hidden=\"true\" class=\"wp-block-cover__background has-black-background-color has-background-dim-40 has-background-dim\"><\/span><div class=\"wp-block-cover__inner-container is-layout-flow wp-block-cover-is-layout-flow\">\n<div class=\"wp-block-group has-global-padding is-content-justification-center is-layout-constrained wp-block-group-is-layout-constrained\">\n<div class=\"wp-block-group alignwide has-global-padding is-content-justification-left is-layout-constrained wp-container-core-group-is-layout-12dd3699 wp-block-group-is-layout-constrained\">\n<div class=\"wp-block-group has-foreground-color has-tertiary-background-color has-text-color has-background has-link-color wp-elements-0ed87faa065f62bfc3bcb09f5d86ffa8 has-global-padding is-content-justification-left is-layout-constrained wp-container-core-group-is-layout-bd498d70 wp-block-group-is-layout-constrained\" style=\"border-radius:4px;padding-top:var(--wp--preset--spacing--40);padding-right:var(--wp--preset--spacing--40);padding-bottom:var(--wp--preset--spacing--40);padding-left:var(--wp--preset--spacing--40)\">\n<h1 class=\"wp-block-heading alignwide has-text-align-left\">Odkryj rozw\u00f3j szk\u00f3\u0142ki drzew owocowych Maas<\/h1>\n\n\n\n<p class=\"has-text-align-left\" style=\"margin-top:16px\">Nasze zaanga\u017cowanie w jako\u015b\u0107 w arborystyce<\/p>\n\n\n\n<div class=\"wp-block-buttons is-content-justification-left is-layout-flex wp-container-core-buttons-is-layout-3535db69 wp-block-buttons-is-layout-flex\" style=\"margin-top:var(--wp--preset--spacing--30)\">\n<div class=\"wp-block-button\"><a class=\"wp-block-button__link has-small-font-size has-custom-font-size wp-element-button\" href=\"\/pl\/over-ons\/\">Przeczytaj wi\u0119cej<\/a><\/div>\n<\/div>\n<\/div>\n<\/div>\n<\/div>\n<\/div><\/div>\n\n\n\n<div class=\"wp-block-group alignfull has-tertiary-background-color has-background has-global-padding is-layout-constrained wp-container-core-group-is-layout-7276a2bb wp-block-group-is-layout-constrained\" id=\"over-ons\" style=\"margin-top:0;margin-bottom:0;padding-top:var(--wp--preset--spacing--60);padding-right:var(--wp--preset--spacing--30);padding-bottom:var(--wp--preset--spacing--60);padding-left:var(--wp--preset--spacing--30)\">\n<div class=\"wp-block-columns alignwide is-layout-flex wp-container-core-columns-is-layout-47c06fe3 wp-block-columns-is-layout-flex\">\n<div class=\"wp-block-column is-layout-flow wp-block-column-is-layout-flow\" style=\"flex-basis:50%\">\n<h2 class=\"wp-block-heading has-text-align-left has-large-font-size\">Roczna uprawa 120 000 drzew gruszy i 110 000 drzew jab\u0142oni<\/h2>\n<\/div>\n\n\n\n<div class=\"wp-block-column is-layout-flow wp-container-core-column-is-layout-f5bb311e wp-block-column-is-layout-flow\" style=\"flex-basis:50%\">\n<p>Boomkwekerij Maas ma swoje korzenie w latach 90., a nacisk k\u0142adzie si\u0119 na jako\u015b\u0107 i przyst\u0119pno\u015b\u0107 cenow\u0105. Nasz\u0105 misj\u0105 jest uprawa wysokiej jako\u015bci drzew owocowych, wzmocniona nasz\u0105 histori\u0105 i warto\u015bciami.<\/p>\n\n\n\n<p>Oferujemy szeroki wachlarz us\u0142ug, k\u0142ad\u0105c nacisk na najwy\u017csz\u0105 jako\u015b\u0107 i rozwi\u0105zania zorientowane na klienta.<\/p>\n<\/div>\n<\/div>\n<\/div>\n\n\n\n<div class=\"wp-block-group alignfull has-background-background-color has-background has-global-padding is-layout-constrained wp-container-core-group-is-layout-7276a2bb wp-block-group-is-layout-constrained\" id=\"producten\" style=\"margin-top:0;margin-bottom:0;padding-top:var(--wp--preset--spacing--60);padding-right:var(--wp--preset--spacing--30);padding-bottom:var(--wp--preset--spacing--60);padding-left:var(--wp--preset--spacing--30)\">\n<div class=\"wp-block-group alignwide is-content-justification-space-between is-layout-flex wp-container-core-group-is-layout-b8ec385b wp-block-group-is-layout-flex\">\n<div class=\"wp-block-group has-global-padding is-layout-constrained wp-block-group-is-layout-constrained\">\n<h2 class=\"wp-block-heading has-large-font-size\">Jab\u0142onie i grusze ze szk\u00f3\u0142ki Maas<\/h2>\n\n\n\n<p style=\"margin-top:16px\">Odkryj nasz\u0105 szk\u00f3\u0142k\u0119 i wyj\u0105tkowe walory naszych drzewek owocowych.<\/p>\n<\/div>\n\n\n\n<div class=\"wp-block-buttons is-layout-flex wp-block-buttons-is-layout-flex\">\n<div class=\"wp-block-button is-style-outline is-style-outline--1\"><a class=\"wp-block-button__link has-small-font-size has-custom-font-size wp-element-button\" href=\"https:\/\/boomkwekerijmaas.nl\/pl\/assortiment\/\">Zobacz wszystkie drzewa owocowe<\/a><\/div>\n<\/div>\n<\/div>\n\n\n\n<div class=\"wp-block-query alignwide is-layout-flow wp-block-query-is-layout-flow\"><\/div>\n<\/div>\n\n\n\n<div class=\"wp-block-group alignfull has-tertiary-background-color has-background has-global-padding is-layout-constrained wp-container-core-group-is-layout-fb85e995 wp-block-group-is-layout-constrained\" id=\"functies\" style=\"margin-top:0;margin-bottom:0;padding-top:var(--wp--preset--spacing--60);padding-right:var(--wp--preset--spacing--30);padding-bottom:var(--wp--preset--spacing--60);padding-left:var(--wp--preset--spacing--30)\">\n<div class=\"wp-block-group alignwide has-global-padding is-content-justification-left is-layout-constrained wp-container-core-group-is-layout-8b4c372c wp-block-group-is-layout-constrained\">\n<h2 class=\"wp-block-heading has-large-font-size\">Historia sukcesu szk\u00f3\u0142ki drzew Maas<\/h2>\n<\/div>\n\n\n\n<div class=\"wp-block-columns alignwide is-layout-flex wp-container-core-columns-is-layout-08c01c1c wp-block-columns-is-layout-flex\">\n<div class=\"wp-block-column is-layout-flow wp-block-column-is-layout-flow\" style=\"padding-top:var(--wp--preset--spacing--30);padding-bottom:var(--wp--preset--spacing--30);flex-basis:50%\">\n<div class=\"wp-block-group is-nowrap is-layout-flex wp-container-core-group-is-layout-501511a6 wp-block-group-is-layout-flex\">\n<figure class=\"wp-block-image size-large is-resized ext-aspect-landscape wp-duotone-primary-foreground\"><img decoding=\"async\" src=\"data:image\/svg+xml;base64,PHN2ZyB4bWxucz0iaHR0cDovL3d3dy53My5vcmcvMjAwMC9zdmciIHdpZHRoPSI0OCIgaGVpZ2h0PSI0OCIgZmlsbD0ibm9uZSIgdmlld0JveD0iMCAwIDQ4IDQ4Ij48bWFzayBpZD0iYSIgd2lkdGg9IjQ4IiBoZWlnaHQ9IjQ4IiB4PSIwIiB5PSIwIiBtYXNrVW5pdHM9InVzZXJTcGFjZU9uVXNlIiBzdHlsZT0ibWFzay10eXBlOmFscGhhIj48cGF0aCBmaWxsPSIjRDlEOUQ5IiBkPSJNMCAwaDQ4djQ4SDB6Ii8+PC9tYXNrPjxnIG1hc2s9InVybCgjYSkiPjxwYXRoIGZpbGw9IiMxQzFCMUYiIGQ9Ik0yNCA0NGMtMi44MzMgMC01LjQ2Ny0uNTA4LTcuOS0xLjUyNS0yLjQzMy0xLjAxNy00LjU1LTIuNDI1LTYuMzUtNC4yMjUtMS44LTEuOC0zLjIwOC0zLjkxNy00LjIyNS02LjM1QzQuNTA4IDI5LjQ2NyA0IDI2LjgzMyA0IDI0YzAtMi44LjUwOC01LjQxNyAxLjUyNS03Ljg1UzcuOTUgMTEuNiA5Ljc1IDkuOGMxLjgtMS44IDMuOTE3LTMuMjE3IDYuMzUtNC4yNVMyMS4xNjcgNCAyNCA0YzIuNSAwIDQuODMzLjQgNyAxLjIgMi4xNjcuOCA0LjExNyAxLjkgNS44NSAzLjNsLTIuMTUgMi4xNWExNi43MzIgMTYuNzMyIDAgMCAwLTQuOS0yLjdDMjggNy4zMTcgMjYuMDY3IDcgMjQgN2MtNC44MzMgMC04Ljg3NSAxLjYyNS0xMi4xMjUgNC44NzVTNyAxOS4xNjcgNyAyNHMxLjYyNSA4Ljg3NSA0Ljg3NSAxMi4xMjVTMTkuMTY3IDQxIDI0IDQxczguODc1LTEuNjI1IDEyLjEyNS00Ljg3NVM0MSAyOC44MzMgNDEgMjRjMC0xLS4wNzUtMS45NzUtLjIyNS0yLjkyNS0uMTUtLjk1LS4zNzUtMS44NzUtLjY3NS0yLjc3NWwyLjMtMi4zYTE5LjEyMiAxOS4xMjIgMCAwIDEgMS4yIDMuODVjLjI2NyAxLjMzMy40IDIuNzE3LjQgNC4xNSAwIDIuODMzLS41MTcgNS40NjctMS41NSA3LjktMS4wMzMgMi40MzMtMi40NSA0LjU1LTQuMjUgNi4zNS0xLjggMS44LTMuOTE3IDMuMjA4LTYuMzUgNC4yMjVDMjkuNDE3IDQzLjQ5MiAyNi44IDQ0IDI0IDQ0Wm0tMi45NS0xMC45LTguMjUtOC4zIDIuMjUtMi4yNSA2IDYgMjAuNy0yMC43IDIuMyAyLjI1LTIzIDIzWiIvPjwvZz48L3N2Zz4=\" alt=\"\" style=\"object-fit:cover;width:32px;height:32px\"\/><\/figure>\n\n\n\n<div class=\"wp-block-group wp-container-content-958eb9dc has-global-padding is-layout-constrained wp-block-group-is-layout-constrained\">\n<h3 class=\"wp-block-heading\" style=\"font-size:clamp(14px, 0.875rem + ((1vw - 3.2px) * 0.625), 20px);line-height:1.5\">Historia<\/h3>\n\n\n\n<p class=\"has-small-font-size\" style=\"margin-top:4px\">Fundacja rozpocz\u0119\u0142a dzia\u0142alno\u015b\u0107 na pocz\u0105tku lat 90-tych.<\/p>\n<\/div>\n<\/div>\n\n\n\n<div class=\"wp-block-group is-nowrap is-layout-flex wp-container-core-group-is-layout-501511a6 wp-block-group-is-layout-flex\">\n<figure class=\"wp-block-image size-large is-resized ext-aspect-landscape wp-duotone-primary-foreground\"><img decoding=\"async\" src=\"data:image\/svg+xml;base64,PHN2ZyB4bWxucz0iaHR0cDovL3d3dy53My5vcmcvMjAwMC9zdmciIHdpZHRoPSI0OCIgaGVpZ2h0PSI0OCIgZmlsbD0ibm9uZSIgdmlld0JveD0iMCAwIDQ4IDQ4Ij48bWFzayBpZD0iYSIgd2lkdGg9IjQ4IiBoZWlnaHQ9IjQ4IiB4PSIwIiB5PSIwIiBtYXNrVW5pdHM9InVzZXJTcGFjZU9uVXNlIiBzdHlsZT0ibWFzay10eXBlOmFscGhhIj48cGF0aCBmaWxsPSIjRDlEOUQ5IiBkPSJNMCAwaDQ4djQ4SDB6Ii8+PC9tYXNrPjxnIG1hc2s9InVybCgjYSkiPjxwYXRoIGZpbGw9IiMxQzFCMUYiIGQ9Ik0yNCA0NGMtMi44MzMgMC01LjQ2Ny0uNTA4LTcuOS0xLjUyNS0yLjQzMy0xLjAxNy00LjU1LTIuNDI1LTYuMzUtNC4yMjUtMS44LTEuOC0zLjIwOC0zLjkxNy00LjIyNS02LjM1QzQuNTA4IDI5LjQ2NyA0IDI2LjgzMyA0IDI0YzAtMi44LjUwOC01LjQxNyAxLjUyNS03Ljg1UzcuOTUgMTEuNiA5Ljc1IDkuOGMxLjgtMS44IDMuOTE3LTMuMjE3IDYuMzUtNC4yNVMyMS4xNjcgNCAyNCA0YzIuNSAwIDQuODMzLjQgNyAxLjIgMi4xNjcuOCA0LjExNyAxLjkgNS44NSAzLjNsLTIuMTUgMi4xNWExNi43MzIgMTYuNzMyIDAgMCAwLTQuOS0yLjdDMjggNy4zMTcgMjYuMDY3IDcgMjQgN2MtNC44MzMgMC04Ljg3NSAxLjYyNS0xMi4xMjUgNC44NzVTNyAxOS4xNjcgNyAyNHMxLjYyNSA4Ljg3NSA0Ljg3NSAxMi4xMjVTMTkuMTY3IDQxIDI0IDQxczguODc1LTEuNjI1IDEyLjEyNS00Ljg3NVM0MSAyOC44MzMgNDEgMjRjMC0xLS4wNzUtMS45NzUtLjIyNS0yLjkyNS0uMTUtLjk1LS4zNzUtMS44NzUtLjY3NS0yLjc3NWwyLjMtMi4zYTE5LjEyMiAxOS4xMjIgMCAwIDEgMS4yIDMuODVjLjI2NyAxLjMzMy40IDIuNzE3LjQgNC4xNSAwIDIuODMzLS41MTcgNS40NjctMS41NSA3LjktMS4wMzMgMi40MzMtMi40NSA0LjU1LTQuMjUgNi4zNS0xLjggMS44LTMuOTE3IDMuMjA4LTYuMzUgNC4yMjVDMjkuNDE3IDQzLjQ5MiAyNi44IDQ0IDI0IDQ0Wm0tMi45NS0xMC45LTguMjUtOC4zIDIuMjUtMi4yNSA2IDYgMjAuNy0yMC43IDIuMyAyLjI1LTIzIDIzWiIvPjwvZz48L3N2Zz4=\" alt=\"\" style=\"object-fit:cover;width:32px;height:32px\"\/><\/figure>\n\n\n\n<div class=\"wp-block-group wp-container-content-958eb9dc has-global-padding is-layout-constrained wp-block-group-is-layout-constrained\">\n<h3 class=\"wp-block-heading\" style=\"font-size:clamp(14px, 0.875rem + ((1vw - 3.2px) * 0.625), 20px);line-height:1.5\">Innowacja<\/h3>\n\n\n\n<p class=\"has-small-font-size\" style=\"margin-top:4px\">Wykorzystujemy nowe technologie dla rozwoju.<\/p>\n<\/div>\n<\/div>\n\n\n\n<div class=\"wp-block-group is-nowrap is-layout-flex wp-container-core-group-is-layout-501511a6 wp-block-group-is-layout-flex\">\n<figure class=\"wp-block-image size-large is-resized ext-aspect-landscape wp-duotone-primary-foreground\"><img decoding=\"async\" src=\"data:image\/svg+xml;base64,PHN2ZyB4bWxucz0iaHR0cDovL3d3dy53My5vcmcvMjAwMC9zdmciIHdpZHRoPSI0OCIgaGVpZ2h0PSI0OCIgZmlsbD0ibm9uZSIgdmlld0JveD0iMCAwIDQ4IDQ4Ij48bWFzayBpZD0iYSIgd2lkdGg9IjQ4IiBoZWlnaHQ9IjQ4IiB4PSIwIiB5PSIwIiBtYXNrVW5pdHM9InVzZXJTcGFjZU9uVXNlIiBzdHlsZT0ibWFzay10eXBlOmFscGhhIj48cGF0aCBmaWxsPSIjRDlEOUQ5IiBkPSJNMCAwaDQ4djQ4SDB6Ii8+PC9tYXNrPjxnIG1hc2s9InVybCgjYSkiPjxwYXRoIGZpbGw9IiMxQzFCMUYiIGQ9Ik0yNCA0NGMtMi44MzMgMC01LjQ2Ny0uNTA4LTcuOS0xLjUyNS0yLjQzMy0xLjAxNy00LjU1LTIuNDI1LTYuMzUtNC4yMjUtMS44LTEuOC0zLjIwOC0zLjkxNy00LjIyNS02LjM1QzQuNTA4IDI5LjQ2NyA0IDI2LjgzMyA0IDI0YzAtMi44LjUwOC01LjQxNyAxLjUyNS03Ljg1UzcuOTUgMTEuNiA5Ljc1IDkuOGMxLjgtMS44IDMuOTE3LTMuMjE3IDYuMzUtNC4yNVMyMS4xNjcgNCAyNCA0YzIuNSAwIDQuODMzLjQgNyAxLjIgMi4xNjcuOCA0LjExNyAxLjkgNS44NSAzLjNsLTIuMTUgMi4xNWExNi43MzIgMTYuNzMyIDAgMCAwLTQuOS0yLjdDMjggNy4zMTcgMjYuMDY3IDcgMjQgN2MtNC44MzMgMC04Ljg3NSAxLjYyNS0xMi4xMjUgNC44NzVTNyAxOS4xNjcgNyAyNHMxLjYyNSA4Ljg3NSA0Ljg3NSAxMi4xMjVTMTkuMTY3IDQxIDI0IDQxczguODc1LTEuNjI1IDEyLjEyNS00Ljg3NVM0MSAyOC44MzMgNDEgMjRjMC0xLS4wNzUtMS45NzUtLjIyNS0yLjkyNS0uMTUtLjk1LS4zNzUtMS44NzUtLjY3NS0yLjc3NWwyLjMtMi4zYTE5LjEyMiAxOS4xMjIgMCAwIDEgMS4yIDMuODVjLjI2NyAxLjMzMy40IDIuNzE3LjQgNC4xNSAwIDIuODMzLS41MTcgNS40NjctMS41NSA3LjktMS4wMzMgMi40MzMtMi40NSA0LjU1LTQuMjUgNi4zNS0xLjggMS44LTMuOTE3IDMuMjA4LTYuMzUgNC4yMjVDMjkuNDE3IDQzLjQ5MiAyNi44IDQ0IDI0IDQ0Wm0tMi45NS0xMC45LTguMjUtOC4zIDIuMjUtMi4yNSA2IDYgMjAuNy0yMC43IDIuMyAyLjI1LTIzIDIzWiIvPjwvZz48L3N2Zz4=\" alt=\"\" style=\"object-fit:cover;width:32px;height:32px\"\/><\/figure>\n\n\n\n<div class=\"wp-block-group wp-container-content-958eb9dc has-global-padding is-layout-constrained wp-block-group-is-layout-constrained\">\n<h3 class=\"wp-block-heading\" style=\"font-size:clamp(14px, 0.875rem + ((1vw - 3.2px) * 0.625), 20px);line-height:1.5\">Biznes rodzinny<\/h3>\n\n\n\n<p class=\"has-small-font-size\" style=\"margin-top:4px\">Od 2020 roku zarz\u0105dzanie firm\u0105 przej\u0105\u0142 Rens Maas.<\/p>\n<\/div>\n<\/div>\n\n\n\n<div class=\"wp-block-group is-nowrap is-layout-flex wp-container-core-group-is-layout-501511a6 wp-block-group-is-layout-flex\">\n<figure class=\"wp-block-image size-large is-resized ext-aspect-landscape wp-duotone-primary-foreground\"><img decoding=\"async\" src=\"data:image\/svg+xml;base64,PHN2ZyB4bWxucz0iaHR0cDovL3d3dy53My5vcmcvMjAwMC9zdmciIHdpZHRoPSI0OCIgaGVpZ2h0PSI0OCIgZmlsbD0ibm9uZSIgdmlld0JveD0iMCAwIDQ4IDQ4Ij48bWFzayBpZD0iYSIgd2lkdGg9IjQ4IiBoZWlnaHQ9IjQ4IiB4PSIwIiB5PSIwIiBtYXNrVW5pdHM9InVzZXJTcGFjZU9uVXNlIiBzdHlsZT0ibWFzay10eXBlOmFscGhhIj48cGF0aCBmaWxsPSIjRDlEOUQ5IiBkPSJNMCAwaDQ4djQ4SDB6Ii8+PC9tYXNrPjxnIG1hc2s9InVybCgjYSkiPjxwYXRoIGZpbGw9IiMxQzFCMUYiIGQ9Ik0yNCA0NGMtMi44MzMgMC01LjQ2Ny0uNTA4LTcuOS0xLjUyNS0yLjQzMy0xLjAxNy00LjU1LTIuNDI1LTYuMzUtNC4yMjUtMS44LTEuOC0zLjIwOC0zLjkxNy00LjIyNS02LjM1QzQuNTA4IDI5LjQ2NyA0IDI2LjgzMyA0IDI0YzAtMi44LjUwOC01LjQxNyAxLjUyNS03Ljg1UzcuOTUgMTEuNiA5Ljc1IDkuOGMxLjgtMS44IDMuOTE3LTMuMjE3IDYuMzUtNC4yNVMyMS4xNjcgNCAyNCA0YzIuNSAwIDQuODMzLjQgNyAxLjIgMi4xNjcuOCA0LjExNyAxLjkgNS44NSAzLjNsLTIuMTUgMi4xNWExNi43MzIgMTYuNzMyIDAgMCAwLTQuOS0yLjdDMjggNy4zMTcgMjYuMDY3IDcgMjQgN2MtNC44MzMgMC04Ljg3NSAxLjYyNS0xMi4xMjUgNC44NzVTNyAxOS4xNjcgNyAyNHMxLjYyNSA4Ljg3NSA0Ljg3NSAxMi4xMjVTMTkuMTY3IDQxIDI0IDQxczguODc1LTEuNjI1IDEyLjEyNS00Ljg3NVM0MSAyOC44MzMgNDEgMjRjMC0xLS4wNzUtMS45NzUtLjIyNS0yLjkyNS0uMTUtLjk1LS4zNzUtMS44NzUtLjY3NS0yLjc3NWwyLjMtMi4zYTE5LjEyMiAxOS4xMjIgMCAwIDEgMS4yIDMuODVjLjI2NyAxLjMzMy40IDIuNzE3LjQgNC4xNSAwIDIuODMzLS41MTcgNS40NjctMS41NSA3LjktMS4wMzMgMi40MzMtMi40NSA0LjU1LTQuMjUgNi4zNS0xLjggMS44LTMuOTE3IDMuMjA4LTYuMzUgNC4yMjVDMjkuNDE3IDQzLjQ5MiAyNi44IDQ0IDI0IDQ0Wm0tMi45NS0xMC45LTguMjUtOC4zIDIuMjUtMi4yNSA2IDYgMjAuNy0yMC43IDIuMyAyLjI1LTIzIDIzWiIvPjwvZz48L3N2Zz4=\" alt=\"\" style=\"object-fit:cover;width:32px;height:32px\"\/><\/figure>\n\n\n\n<div class=\"wp-block-group wp-container-content-958eb9dc has-global-padding is-layout-constrained wp-block-group-is-layout-constrained\">\n<h3 class=\"wp-block-heading\" style=\"font-size:clamp(14px, 0.875rem + ((1vw - 3.2px) * 0.625), 20px);line-height:1.5\">Zr\u00f3wnowa\u017cony rozw\u00f3j<\/h3>\n\n\n\n<p class=\"has-small-font-size\" style=\"margin-top:4px\">Nasza szk\u00f3\u0142ka stawia na zr\u00f3wnowa\u017cony rozw\u00f3j.<\/p>\n<\/div>\n<\/div>\n<\/div>\n\n\n\n<div class=\"wp-block-column is-layout-flow wp-block-column-is-layout-flow\" style=\"flex-basis:50%\">\n<div class=\"wp-block-cover is-light has-custom-content-position is-position-top-center\" style=\"min-height:403px;aspect-ratio:unset;\"><img loading=\"lazy\" decoding=\"async\" width=\"2560\" height=\"1920\" class=\"wp-block-cover__image-background wp-image-173\" alt=\"\" src=\"https:\/\/boomkwekerijmaas.nl\/wp-content\/uploads\/2025\/01\/IMG_0286-3-scaled.jpg\" data-object-fit=\"cover\" srcset=\"https:\/\/boomkwekerijmaas.nl\/wp-content\/uploads\/2025\/01\/IMG_0286-3-scaled.jpg 2560w, https:\/\/boomkwekerijmaas.nl\/wp-content\/uploads\/2025\/01\/IMG_0286-3-300x225.jpg 300w, https:\/\/boomkwekerijmaas.nl\/wp-content\/uploads\/2025\/01\/IMG_0286-3-1024x768.jpg 1024w, https:\/\/boomkwekerijmaas.nl\/wp-content\/uploads\/2025\/01\/IMG_0286-3-768x576.jpg 768w, https:\/\/boomkwekerijmaas.nl\/wp-content\/uploads\/2025\/01\/IMG_0286-3-1536x1152.jpg 1536w, https:\/\/boomkwekerijmaas.nl\/wp-content\/uploads\/2025\/01\/IMG_0286-3-2048x1536.jpg 2048w, https:\/\/boomkwekerijmaas.nl\/wp-content\/uploads\/2025\/01\/IMG_0286-3-600x450.jpg 600w\" sizes=\"auto, (max-width: 2560px) 100vw, 2560px\" \/><span aria-hidden=\"true\" class=\"wp-block-cover__background has-background-dim-0 has-background-dim\" style=\"background-color:#798d69\"><\/span><div class=\"wp-block-cover__inner-container is-layout-flow wp-block-cover-is-layout-flow\">\n<div style=\"height:380px\" aria-hidden=\"true\" class=\"wp-block-spacer\"><\/div>\n<\/div><\/div>\n<\/div>\n<\/div>\n<\/div>\n\n\n\n<p><\/p>","protected":false},"excerpt":{"rendered":"<p>Jaarlijkse kweek van 120.000 perenbomen en 110.000 appelbomen Boomkwekerij Maas is geworteld in de jaren &#8217;90 met een focus op kwaliteit en betaalbaarheid. Onze missie is om hoogwaardige fruitbomen te kweken, versterkt door onze geschiedenis en waarden. Wij bieden een breed scala aan diensten, gericht op topkwaliteit en klantgerichte oplossingen. Appel- en Perenbomen van Boomkwekerij [&hellip;]<\/p>\n","protected":false},"author":1,"featured_media":0,"parent":0,"menu_order":0,"comment_status":"closed","ping_status":"closed","template":"no-title","meta":{"footnotes":""},"class_list":["post-29","page","type-page","status-publish","hentry"],"_links":{"self":[{"href":"https:\/\/boomkwekerijmaas.nl\/pl\/wp-json\/wp\/v2\/pages\/29","targetHints":{"allow":["GET"]}}],"collection":[{"href":"https:\/\/boomkwekerijmaas.nl\/pl\/wp-json\/wp\/v2\/pages"}],"about":[{"href":"https:\/\/boomkwekerijmaas.nl\/pl\/wp-json\/wp\/v2\/types\/page"}],"author":[{"embeddable":true,"href":"https:\/\/boomkwekerijmaas.nl\/pl\/wp-json\/wp\/v2\/users\/1"}],"replies":[{"embeddable":true,"href":"https:\/\/boomkwekerijmaas.nl\/pl\/wp-json\/wp\/v2\/comments?post=29"}],"version-history":[{"count":17,"href":"https:\/\/boomkwekerijmaas.nl\/pl\/wp-json\/wp\/v2\/pages\/29\/revisions"}],"predecessor-version":[{"id":422,"href":"https:\/\/boomkwekerijmaas.nl\/pl\/wp-json\/wp\/v2\/pages\/29\/revisions\/422"}],"wp:attachment":[{"href":"https:\/\/boomkwekerijmaas.nl\/pl\/wp-json\/wp\/v2\/media?parent=29"}],"curies":[{"name":"wp","href":"https:\/\/api.w.org\/{rel}","templated":true}]}}