{"id":23,"date":"2025-01-15T07:25:21","date_gmt":"2025-01-15T07:25:21","guid":{"rendered":"https:\/\/boomkwekerijmaas.nl\/contact\/"},"modified":"2025-04-07T20:30:07","modified_gmt":"2025-04-07T18:30:07","slug":"contact-oud","status":"publish","type":"page","link":"https:\/\/boomkwekerijmaas.nl\/pl\/contact-oud\/","title":{"rendered":"Kontakt"},"content":{"rendered":"<div class=\"wp-block-group alignfull has-background-background-color has-background has-global-padding is-layout-constrained wp-block-group-is-layout-constrained\" style=\"margin-top:0;margin-bottom:0;padding-top:0;padding-bottom:0\">\n<div class=\"wp-block-cover alignfull wp-duotone-154611-fcf8f2-1\" style=\"padding-top:0;padding-right:0;padding-bottom:0;padding-left:0;min-height:50px;aspect-ratio:unset;\"><span aria-hidden=\"true\" class=\"wp-block-cover__background has-black-background-color has-background-dim-60 has-background-dim\"><\/span><img loading=\"lazy\" decoding=\"async\" width=\"2048\" height=\"1536\" class=\"wp-block-cover__image-background wp-image-310\" alt=\"\" src=\"https:\/\/boomkwekerijmaas.nl\/wp-content\/uploads\/2025\/02\/asd.jpeg\" data-object-fit=\"cover\" srcset=\"https:\/\/boomkwekerijmaas.nl\/wp-content\/uploads\/2025\/02\/asd.jpeg 2048w, https:\/\/boomkwekerijmaas.nl\/wp-content\/uploads\/2025\/02\/asd-300x225.jpeg 300w, https:\/\/boomkwekerijmaas.nl\/wp-content\/uploads\/2025\/02\/asd-1024x768.jpeg 1024w, https:\/\/boomkwekerijmaas.nl\/wp-content\/uploads\/2025\/02\/asd-768x576.jpeg 768w, https:\/\/boomkwekerijmaas.nl\/wp-content\/uploads\/2025\/02\/asd-1536x1152.jpeg 1536w\" sizes=\"auto, (max-width: 2048px) 100vw, 2048px\" \/><div class=\"wp-block-cover__inner-container is-layout-flow wp-block-cover-is-layout-flow\">\n<div class=\"wp-block-group has-global-padding is-layout-constrained wp-container-core-group-is-layout-dc79e9a9 wp-block-group-is-layout-constrained\" style=\"padding-top:var(--wp--preset--spacing--60);padding-right:var(--wp--preset--spacing--30);padding-bottom:var(--wp--preset--spacing--60);padding-left:var(--wp--preset--spacing--30)\">\n<h1 class=\"wp-block-heading has-text-align-center has-text-color has-x-large-font-size\" style=\"color:#fffffffc\">Topkwaliteit Bomen voor Lage Prijzen<\/h1>\n<\/div>\n<\/div><\/div>\n<\/div>\n\n\n\n<div class=\"wp-block-group alignfull has-tertiary-background-color has-background has-global-padding is-layout-constrained wp-container-core-group-is-layout-7276a2bb wp-block-group-is-layout-constrained\" id=\"contact\" style=\"margin-top:0;margin-bottom:0;padding-top:var(--wp--preset--spacing--60);padding-right:var(--wp--preset--spacing--30);padding-bottom:var(--wp--preset--spacing--60);padding-left:var(--wp--preset--spacing--30)\">\n<div class=\"wp-block-columns alignwide is-layout-flex wp-container-core-columns-is-layout-fa584acd wp-block-columns-is-layout-flex\">\n<div class=\"wp-block-column is-layout-flow wp-block-column-is-layout-flow\" style=\"flex-basis:50%\">\n<div class=\"wp-block-group has-global-padding is-layout-constrained wp-block-group-is-layout-constrained\" style=\"margin-bottom:var(--wp--preset--spacing--40)\">\n<h2 class=\"wp-block-heading has-large-font-size\">Przekonaj si\u0119 o jako\u015bci Maas Tree Nursery<\/h2>\n\n\n\n<p style=\"margin-top:1rem\">Tutaj znajdziesz nasze dane kontaktowe, umo\u017cliwiaj\u0105ce bezpo\u015bredni\u0105 komunikacj\u0119.<\/p>\n<\/div>\n\n\n\n<div class=\"wp-block-contact-form-7-contact-form-selector\">\n<div class=\"wpcf7 no-js\" id=\"wpcf7-f12-o1\" lang=\"nl-NL\" dir=\"ltr\" data-wpcf7-id=\"12\">\n<div class=\"screen-reader-response\"><p role=\"status\" aria-live=\"polite\" aria-atomic=\"true\"><\/p> <ul><\/ul><\/div>\n<form action=\"\/pl\/wp-json\/wp\/v2\/pages\/23#wpcf7-f12-o1\" method=\"post\" class=\"wpcf7-form init\" aria-label=\"Contactformulier\" novalidate=\"novalidate\" data-status=\"init\" data-trp-original-action=\"\/pl\/wp-json\/wp\/v2\/pages\/23#wpcf7-f12-o1\">\n<fieldset class=\"hidden-fields-container\"><input type=\"hidden\" name=\"_wpcf7\" value=\"12\" \/><input type=\"hidden\" name=\"_wpcf7_version\" value=\"6.1.5\" \/><input type=\"hidden\" name=\"_wpcf7_locale\" value=\"nl_NL\" \/><input type=\"hidden\" name=\"_wpcf7_unit_tag\" value=\"wpcf7-f12-o1\" \/><input type=\"hidden\" name=\"_wpcf7_container_post\" value=\"0\" \/><input type=\"hidden\" name=\"_wpcf7_posted_data_hash\" value=\"\" \/>\n<\/fieldset>\n<p><label> Je naam<br \/>\n<span class=\"wpcf7-form-control-wrap\" data-name=\"your-name\"><input size=\"40\" maxlength=\"400\" class=\"wpcf7-form-control wpcf7-text wpcf7-validates-as-required\" autocomplete=\"name\" aria-required=\"true\" aria-invalid=\"false\" value=\"\" type=\"text\" name=\"your-name\" \/><\/span> <\/label>\n<\/p>\n<p><label> Je e-mailadres<br \/>\n<span class=\"wpcf7-form-control-wrap\" data-name=\"your-email\"><input size=\"40\" maxlength=\"400\" class=\"wpcf7-form-control wpcf7-email wpcf7-validates-as-required wpcf7-text wpcf7-validates-as-email\" autocomplete=\"email\" aria-required=\"true\" aria-invalid=\"false\" value=\"\" type=\"email\" name=\"your-email\" \/><\/span> <\/label>\n<\/p>\n<p><label> Onderwerp<br \/>\n<span class=\"wpcf7-form-control-wrap\" data-name=\"your-subject\"><input size=\"40\" maxlength=\"400\" class=\"wpcf7-form-control wpcf7-text wpcf7-validates-as-required\" aria-required=\"true\" aria-invalid=\"false\" value=\"\" type=\"text\" name=\"your-subject\" \/><\/span> <\/label>\n<\/p>\n<p><label> Je bericht (optioneel)<br \/>\n<span class=\"wpcf7-form-control-wrap\" data-name=\"your-message\"><textarea cols=\"40\" rows=\"10\" maxlength=\"2000\" class=\"wpcf7-form-control wpcf7-textarea\" aria-invalid=\"false\" name=\"your-message\"><\/textarea><\/span> <\/label>\n<\/p>\n<p><input class=\"wpcf7-form-control wpcf7-submit has-spinner\" type=\"submit\" value=\"Verzenden\" \/>\n<\/p><div class=\"wpcf7-response-output\" aria-hidden=\"true\"><\/div>\n<input type=\"hidden\" name=\"trp-form-language\" value=\"pl\"\/><\/form>\n<\/div>\n<\/div>\n<\/div>\n\n\n\n<div class=\"wp-block-column is-layout-flow wp-block-column-is-layout-flow\" style=\"flex-basis:50%\">\n<div class=\"wp-block-cover wp-duotone-tertiary-secondary\"><span aria-hidden=\"true\" class=\"wp-block-cover__background has-background-dim\"><\/span><img loading=\"lazy\" decoding=\"async\" width=\"1024\" height=\"768\" class=\"wp-block-cover__image-background wp-image-306\" alt=\"\" src=\"https:\/\/boomkwekerijmaas.nl\/wp-content\/uploads\/2025\/02\/627825F9-9EC1-4ACB-B3C1-974579635CC0-2.jpeg\" data-object-fit=\"cover\" srcset=\"https:\/\/boomkwekerijmaas.nl\/wp-content\/uploads\/2025\/02\/627825F9-9EC1-4ACB-B3C1-974579635CC0-2.jpeg 1024w, https:\/\/boomkwekerijmaas.nl\/wp-content\/uploads\/2025\/02\/627825F9-9EC1-4ACB-B3C1-974579635CC0-2-300x225.jpeg 300w, https:\/\/boomkwekerijmaas.nl\/wp-content\/uploads\/2025\/02\/627825F9-9EC1-4ACB-B3C1-974579635CC0-2-768x576.jpeg 768w\" sizes=\"auto, (max-width: 1024px) 100vw, 1024px\" \/><div class=\"wp-block-cover__inner-container is-layout-flow wp-block-cover-is-layout-flow\">\n<p class=\"has-text-align-center has-large-font-size\"><\/p>\n<\/div><\/div>\n<\/div>\n<\/div>\n<\/div>\n\n\n\n<div class=\"wp-block-group alignfull has-background-background-color has-background has-global-padding is-layout-constrained wp-container-core-group-is-layout-7276a2bb wp-block-group-is-layout-constrained\" id=\"service-gebied\" style=\"margin-top:0;margin-bottom:0;padding-top:var(--wp--preset--spacing--60);padding-right:var(--wp--preset--spacing--30);padding-bottom:var(--wp--preset--spacing--60);padding-left:var(--wp--preset--spacing--30)\">\n<div class=\"wp-block-group alignwide has-global-padding is-content-justification-left is-layout-constrained wp-container-core-group-is-layout-8b4c372c wp-block-group-is-layout-constrained\">\n<h2 class=\"wp-block-heading has-text-align-left has-large-font-size\">Gedreven door Fruitboomvakmanschap<\/h2>\n\n\n\n<p class=\"has-text-align-left\" style=\"margin-top:16px\">Wij leveren in heel Schouwen-Duiveland.<\/p>\n<\/div>\n\n\n\n<div class=\"wp-block-columns alignwide is-layout-flex wp-container-core-columns-is-layout-08c01c1c wp-block-columns-is-layout-flex\">\n<div class=\"wp-block-column is-layout-flow wp-container-core-column-is-layout-119bc444 wp-block-column-is-layout-flow\">\n<div class=\"wp-block-media-text is-stacked-on-mobile is-image-fill-element\" style=\"grid-template-columns:40% auto\"><figure class=\"wp-block-media-text__media\"><img decoding=\"async\" src=\"https:\/\/boomkwekerijmaas.nl\/wp-content\/uploads\/2025\/01\/4904071315897b77fcf507cdd03e8cf61858858d.jpg\" alt=\"\" class=\"wp-image-88 size-full\" style=\"object-position:50% 50%\"\/><\/figure><div class=\"wp-block-media-text__content\">\n<div class=\"wp-block-group has-global-padding is-layout-constrained wp-block-group-is-layout-constrained\" style=\"padding-top:var(--wp--preset--spacing--30);padding-bottom:var(--wp--preset--spacing--30)\">\n<h3 class=\"wp-block-heading\" style=\"font-size:clamp(1.119rem, 1.119rem + ((1vw - 0.2rem) * 1.052), 1.75rem);line-height:1.5\">Zierikzee<\/h3>\n\n\n\n<p class=\"has-small-font-size\" style=\"margin-top:12px\">Wij bieden op maat gemaakte diensten voor uw behoeften.<\/p>\n<\/div>\n<\/div><\/div>\n\n\n\n<div class=\"wp-block-media-text is-stacked-on-mobile is-image-fill-element\" style=\"grid-template-columns:40% auto\"><figure class=\"wp-block-media-text__media\"><img decoding=\"async\" src=\"https:\/\/boomkwekerijmaas.nl\/wp-content\/uploads\/2025\/01\/5bfaf9d7412bb6fe3febbaed16f37f649e763761.jpg\" alt=\"\" class=\"wp-image-92 size-full\" style=\"object-position:50% 50%\"\/><\/figure><div class=\"wp-block-media-text__content\">\n<div class=\"wp-block-group has-global-padding is-layout-constrained wp-block-group-is-layout-constrained\" style=\"padding-top:var(--wp--preset--spacing--30);padding-bottom:var(--wp--preset--spacing--30)\">\n<h3 class=\"wp-block-heading\" style=\"font-size:clamp(1.119rem, 1.119rem + ((1vw - 0.2rem) * 1.052), 1.75rem);line-height:1.5\">Haamstede<\/h3>\n\n\n\n<p class=\"has-small-font-size\" style=\"margin-top:12px\">Hier vindt u deskundig advies en ondersteuning.<\/p>\n<\/div>\n<\/div><\/div>\n<\/div>\n\n\n\n<div class=\"wp-block-column is-layout-flow wp-container-core-column-is-layout-119bc444 wp-block-column-is-layout-flow\">\n<div class=\"wp-block-media-text is-stacked-on-mobile is-image-fill-element\" style=\"grid-template-columns:40% auto\"><figure class=\"wp-block-media-text__media\"><img decoding=\"async\" src=\"https:\/\/boomkwekerijmaas.nl\/wp-content\/uploads\/2025\/01\/8da2757fbcc8a6bf77570c53d2ce825a93873f25.jpg\" alt=\"\" class=\"wp-image-107 size-full\" style=\"object-position:50% 50%\"\/><\/figure><div class=\"wp-block-media-text__content\">\n<div class=\"wp-block-group has-global-padding is-layout-constrained wp-block-group-is-layout-constrained\" style=\"padding-top:var(--wp--preset--spacing--30);padding-bottom:var(--wp--preset--spacing--30)\">\n<h3 class=\"wp-block-heading\" style=\"font-size:clamp(1.119rem, 1.119rem + ((1vw - 0.2rem) * 1.052), 1.75rem);line-height:1.5\">Bruinisse<\/h3>\n\n\n\n<p class=\"has-small-font-size\" style=\"margin-top:12px\">Verken onze diensten die perfect passen bij uw wensen.<\/p>\n<\/div>\n<\/div><\/div>\n\n\n\n<div class=\"wp-block-media-text is-stacked-on-mobile is-image-fill-element\" style=\"grid-template-columns:40% auto\"><figure class=\"wp-block-media-text__media\"><img decoding=\"async\" src=\"https:\/\/boomkwekerijmaas.nl\/wp-content\/uploads\/2025\/01\/583ff04fb8b611fb3e679cad3e49a533bc82aa7b.jpg\" alt=\"\" class=\"wp-image-108 size-full\" style=\"object-position:50% 50%\"\/><\/figure><div class=\"wp-block-media-text__content\">\n<div class=\"wp-block-group has-global-padding is-layout-constrained wp-block-group-is-layout-constrained\" style=\"padding-top:var(--wp--preset--spacing--30);padding-bottom:var(--wp--preset--spacing--30)\">\n<h3 class=\"wp-block-heading\" style=\"font-size:clamp(1.119rem, 1.119rem + ((1vw - 0.2rem) * 1.052), 1.75rem);line-height:1.5\">Renesse<\/h3>\n\n\n\n<p class=\"has-small-font-size\" style=\"margin-top:12px\">Gespecialiseerd in kwaliteitsoplossingen op maat.<\/p>\n<\/div>\n<\/div><\/div>\n<\/div>\n<\/div>\n<\/div>","protected":false},"excerpt":{"rendered":"<p>Ervaar de kwaliteit van Boomkwekerij Maas Hier vindt u onze contactgegevens voor directe communicatie. Gedreven door Fruitboomvakmanschap Wij leveren in heel Schouwen-Duiveland. Zierikzee Wij bieden op maat gemaakte diensten voor uw behoeften. Haamstede Hier vindt u deskundig advies en ondersteuning. Bruinisse Verken onze diensten die perfect passen bij uw wensen. Renesse Gespecialiseerd in kwaliteitsoplossingen op [&hellip;]<\/p>\n","protected":false},"author":1,"featured_media":0,"parent":0,"menu_order":0,"comment_status":"closed","ping_status":"closed","template":"no-title","meta":{"footnotes":""},"class_list":["post-23","page","type-page","status-publish","hentry"],"_links":{"self":[{"href":"https:\/\/boomkwekerijmaas.nl\/pl\/wp-json\/wp\/v2\/pages\/23","targetHints":{"allow":["GET"]}}],"collection":[{"href":"https:\/\/boomkwekerijmaas.nl\/pl\/wp-json\/wp\/v2\/pages"}],"about":[{"href":"https:\/\/boomkwekerijmaas.nl\/pl\/wp-json\/wp\/v2\/types\/page"}],"author":[{"embeddable":true,"href":"https:\/\/boomkwekerijmaas.nl\/pl\/wp-json\/wp\/v2\/users\/1"}],"replies":[{"embeddable":true,"href":"https:\/\/boomkwekerijmaas.nl\/pl\/wp-json\/wp\/v2\/comments?post=23"}],"version-history":[{"count":3,"href":"https:\/\/boomkwekerijmaas.nl\/pl\/wp-json\/wp\/v2\/pages\/23\/revisions"}],"predecessor-version":[{"id":311,"href":"https:\/\/boomkwekerijmaas.nl\/pl\/wp-json\/wp\/v2\/pages\/23\/revisions\/311"}],"wp:attachment":[{"href":"https:\/\/boomkwekerijmaas.nl\/pl\/wp-json\/wp\/v2\/media?parent=23"}],"curies":[{"name":"wp","href":"https:\/\/api.w.org\/{rel}","templated":true}]}}