{"id":154,"date":"2025-01-15T19:40:35","date_gmt":"2025-01-15T19:40:35","guid":{"rendered":"https:\/\/boomkwekerijmaas.nl\/?page_id=154"},"modified":"2025-05-27T15:40:32","modified_gmt":"2025-05-27T13:40:32","slug":"over-ons","status":"publish","type":"page","link":"https:\/\/boomkwekerijmaas.nl\/pl\/over-ons\/","title":{"rendered":"O nas"},"content":{"rendered":"<div class=\"wp-block-group alignfull has-background-background-color has-background has-global-padding is-layout-constrained wp-block-group-is-layout-constrained\" style=\"border-top-width:1px;padding-top:0;padding-bottom:var(--wp--preset--spacing--60)\">\n<div class=\"wp-block-cover alignfull has-custom-content-position is-position-top-center\" style=\"min-height:50vh;aspect-ratio:unset;\"><img loading=\"lazy\" decoding=\"async\" width=\"2560\" height=\"1920\" class=\"wp-block-cover__image-background wp-image-434 size-full\" alt=\"\" src=\"https:\/\/boomkwekerijmaas.nl\/wp-content\/uploads\/2025\/05\/cid_5BD28B1B-2683-4DE6-B1B2-80D557F3DC5B-3-scaled.jpg\" style=\"object-position:55% 30%\" data-object-fit=\"cover\" data-object-position=\"55% 30%\" srcset=\"https:\/\/boomkwekerijmaas.nl\/wp-content\/uploads\/2025\/05\/cid_5BD28B1B-2683-4DE6-B1B2-80D557F3DC5B-3-scaled.jpg 2560w, https:\/\/boomkwekerijmaas.nl\/wp-content\/uploads\/2025\/05\/cid_5BD28B1B-2683-4DE6-B1B2-80D557F3DC5B-3-300x225.jpg 300w, https:\/\/boomkwekerijmaas.nl\/wp-content\/uploads\/2025\/05\/cid_5BD28B1B-2683-4DE6-B1B2-80D557F3DC5B-3-1024x768.jpg 1024w, https:\/\/boomkwekerijmaas.nl\/wp-content\/uploads\/2025\/05\/cid_5BD28B1B-2683-4DE6-B1B2-80D557F3DC5B-3-768x576.jpg 768w, https:\/\/boomkwekerijmaas.nl\/wp-content\/uploads\/2025\/05\/cid_5BD28B1B-2683-4DE6-B1B2-80D557F3DC5B-3-1536x1152.jpg 1536w, https:\/\/boomkwekerijmaas.nl\/wp-content\/uploads\/2025\/05\/cid_5BD28B1B-2683-4DE6-B1B2-80D557F3DC5B-3-2048x1536.jpg 2048w\" sizes=\"auto, (max-width: 2560px) 100vw, 2560px\" \/><span aria-hidden=\"true\" class=\"wp-block-cover__background has-background-dim-0 has-background-dim\" style=\"background-color:#6d7370\"><\/span><div class=\"wp-block-cover__inner-container is-layout-flow wp-block-cover-is-layout-flow\">\n<p class=\"has-text-align-center has-large-font-size\"><\/p>\n<\/div><\/div>\n<\/div>\n\n\n\n<div class=\"wp-block-group alignfull has-background-background-color has-background is-layout-flow wp-container-core-group-is-layout-de72a446 wp-block-group-is-layout-flow\" style=\"margin-top:0;margin-bottom:0;padding-top:var(--wp--preset--spacing--60);padding-right:var(--wp--preset--spacing--30);padding-bottom:var(--wp--preset--spacing--60);padding-left:var(--wp--preset--spacing--30)\">\n<div class=\"wp-block-group alignwide has-tertiary-background-color has-background is-layout-flex wp-block-group-is-layout-flex\" style=\"border-radius:4px;padding-top:0;padding-right:0;padding-bottom:0;padding-left:0\">\n<div class=\"wp-block-group has-global-padding is-layout-constrained wp-block-group-is-layout-constrained\" style=\"padding-top:var(--wp--preset--spacing--40);padding-bottom:var(--wp--preset--spacing--40)\">\n<h3 class=\"wp-block-heading\" style=\"font-size:clamp(1.119rem, 1.119rem + ((1vw - 0.2rem) * 1.052), 1.75rem);line-height:1.5\">Dobrze prosperuj\u0105ca firma o wysokiej jako\u015bci i niskich kosztach<\/h3>\n\n\n\n<p class=\"has-small-font-size\" style=\"margin-top:12px\">Boomkwekerij Maas to szybko rozwijaj\u0105ca si\u0119 firma, kt\u00f3ra wyr\u00f3\u017cnia si\u0119 po\u0142\u0105czeniem niskich koszt\u00f3w og\u00f3lnych i konkurencyjnej ceny. Pomimo naszych korzystnych cen, jako\u015b\u0107 naszych produkt\u00f3w jest zawsze najwa\u017cniejsza.<\/p>\n<\/div>\n\n\n\n<div class=\"wp-block-cover is-light wp-container-content-1559d078\" style=\"padding-right:var(--wp--preset--spacing--80);padding-left:var(--wp--preset--spacing--80);min-height:100%;aspect-ratio:unset;\"><img loading=\"lazy\" decoding=\"async\" width=\"1536\" height=\"2048\" class=\"wp-block-cover__image-background wp-image-192\" alt=\"\" src=\"https:\/\/boomkwekerijmaas.nl\/wp-content\/uploads\/2025\/01\/150293CC-2D61-4357-8D9B-ECFE9712C838_1_102_o.jpeg\" data-object-fit=\"cover\" srcset=\"https:\/\/boomkwekerijmaas.nl\/wp-content\/uploads\/2025\/01\/150293CC-2D61-4357-8D9B-ECFE9712C838_1_102_o.jpeg 1536w, https:\/\/boomkwekerijmaas.nl\/wp-content\/uploads\/2025\/01\/150293CC-2D61-4357-8D9B-ECFE9712C838_1_102_o-225x300.jpeg 225w, https:\/\/boomkwekerijmaas.nl\/wp-content\/uploads\/2025\/01\/150293CC-2D61-4357-8D9B-ECFE9712C838_1_102_o-768x1024.jpeg 768w, https:\/\/boomkwekerijmaas.nl\/wp-content\/uploads\/2025\/01\/150293CC-2D61-4357-8D9B-ECFE9712C838_1_102_o-1152x1536.jpeg 1152w, https:\/\/boomkwekerijmaas.nl\/wp-content\/uploads\/2025\/01\/150293CC-2D61-4357-8D9B-ECFE9712C838_1_102_o-600x800.jpeg 600w\" sizes=\"auto, (max-width: 1536px) 100vw, 1536px\" \/><span aria-hidden=\"true\" class=\"wp-block-cover__background has-background-dim-0 has-background-dim\" style=\"background-color:#728494\"><\/span><div class=\"wp-block-cover__inner-container has-global-padding is-layout-constrained wp-container-core-cover-is-layout-caa2d89a wp-block-cover-is-layout-constrained\">\n<div style=\"height:200px;width:0px\" aria-hidden=\"true\" class=\"wp-block-spacer\"><\/div>\n<\/div><\/div>\n<\/div>\n\n\n\n<div class=\"wp-block-group alignwide has-tertiary-background-color has-background is-layout-flex wp-block-group-is-layout-flex\" style=\"border-radius:4px;padding-top:0;padding-right:0;padding-bottom:0;padding-left:0\">\n<div class=\"wp-block-cover is-light wp-container-content-1559d078\" style=\"padding-right:var(--wp--preset--spacing--80);padding-left:var(--wp--preset--spacing--80);min-height:100%;aspect-ratio:unset;\"><img loading=\"lazy\" decoding=\"async\" width=\"1536\" height=\"2048\" class=\"wp-block-cover__image-background wp-image-193\" alt=\"\" src=\"https:\/\/boomkwekerijmaas.nl\/wp-content\/uploads\/2025\/01\/3E984843-F739-4E11-99E6-1D0A2E773A07_1_102_o.jpeg\" data-object-fit=\"cover\" srcset=\"https:\/\/boomkwekerijmaas.nl\/wp-content\/uploads\/2025\/01\/3E984843-F739-4E11-99E6-1D0A2E773A07_1_102_o.jpeg 1536w, https:\/\/boomkwekerijmaas.nl\/wp-content\/uploads\/2025\/01\/3E984843-F739-4E11-99E6-1D0A2E773A07_1_102_o-225x300.jpeg 225w, https:\/\/boomkwekerijmaas.nl\/wp-content\/uploads\/2025\/01\/3E984843-F739-4E11-99E6-1D0A2E773A07_1_102_o-768x1024.jpeg 768w, https:\/\/boomkwekerijmaas.nl\/wp-content\/uploads\/2025\/01\/3E984843-F739-4E11-99E6-1D0A2E773A07_1_102_o-1152x1536.jpeg 1152w, https:\/\/boomkwekerijmaas.nl\/wp-content\/uploads\/2025\/01\/3E984843-F739-4E11-99E6-1D0A2E773A07_1_102_o-600x800.jpeg 600w\" sizes=\"auto, (max-width: 1536px) 100vw, 1536px\" \/><span aria-hidden=\"true\" class=\"wp-block-cover__background has-background-dim-0 has-background-dim\" style=\"background-color:#97988f\"><\/span><div class=\"wp-block-cover__inner-container has-global-padding is-layout-constrained wp-container-core-cover-is-layout-caa2d89a wp-block-cover-is-layout-constrained\">\n<div style=\"height:200px;width:0px\" aria-hidden=\"true\" class=\"wp-block-spacer\"><\/div>\n<\/div><\/div>\n\n\n\n<div class=\"wp-block-group has-global-padding is-layout-constrained wp-block-group-is-layout-constrained\" style=\"padding-top:var(--wp--preset--spacing--40);padding-bottom:var(--wp--preset--spacing--40)\">\n<h3 class=\"wp-block-heading\" style=\"font-size:clamp(1.119rem, 1.119rem + ((1vw - 0.2rem) * 1.052), 1.75rem);line-height:1.5\">Pocz\u0105wszy od lat 90.<\/h3>\n\n\n\n<p class=\"has-small-font-size\" style=\"margin-top:12px\">Nasza historia si\u0119ga pocz\u0105tku lat 90., kiedy w\u0142a\u015bciciel Jan Maas zaczyna\u0142 od ma\u0142ego sadu. Szybko rozszerzy\u0142 dzia\u0142alno\u015b\u0107, kupuj\u0105c szk\u00f3\u0142k\u0119, co po\u0142o\u017cy\u0142o podwaliny pod obecn\u0105 szk\u00f3\u0142k\u0119 drzew.<\/p>\n<\/div>\n<\/div>\n\n\n\n<div class=\"wp-block-group alignwide has-tertiary-background-color has-background is-layout-flex wp-block-group-is-layout-flex\" style=\"border-radius:4px;padding-top:0;padding-right:0;padding-bottom:0;padding-left:0\">\n<div class=\"wp-block-group has-global-padding is-layout-constrained wp-block-group-is-layout-constrained\" style=\"padding-top:var(--wp--preset--spacing--40);padding-bottom:var(--wp--preset--spacing--40)\">\n<h3 class=\"wp-block-heading\" style=\"font-size:clamp(1.119rem, 1.119rem + ((1vw - 0.2rem) * 1.052), 1.75rem);line-height:1.5\">Nasza firma w liczbach<\/h3>\n\n\n\n<p class=\"has-small-font-size\" style=\"margin-top:12px\">Obecnie Boomkwekerij Maas obejmuje 21-hektarow\u0105 szk\u00f3\u0142k\u0119 drzew, w kt\u00f3rej uprawiane s\u0105 r\u00f3\u017cne rodzaje jab\u0142ek i gruszek. Tam, gdzie sad by\u0142 kiedy\u015b g\u0142\u00f3wnym \u017ar\u00f3d\u0142em dochodu, szk\u00f3\u0142ka sta\u0142a si\u0119 teraz sercem naszej firmy.<\/p>\n<\/div>\n\n\n\n<div class=\"wp-block-group has-global-padding is-layout-constrained wp-block-group-is-layout-constrained\">\n<div class=\"wp-block-cover wp-container-content-1559d078\" style=\"padding-right:var(--wp--preset--spacing--80);padding-left:var(--wp--preset--spacing--80);min-height:100%;aspect-ratio:unset;\"><img loading=\"lazy\" decoding=\"async\" width=\"1536\" height=\"2048\" class=\"wp-block-cover__image-background wp-image-194\" alt=\"\" src=\"https:\/\/boomkwekerijmaas.nl\/wp-content\/uploads\/2025\/01\/748CE637-31BC-4CC8-9051-C2C333B9DEA5_1_102_o.jpeg\" data-object-fit=\"cover\" srcset=\"https:\/\/boomkwekerijmaas.nl\/wp-content\/uploads\/2025\/01\/748CE637-31BC-4CC8-9051-C2C333B9DEA5_1_102_o.jpeg 1536w, https:\/\/boomkwekerijmaas.nl\/wp-content\/uploads\/2025\/01\/748CE637-31BC-4CC8-9051-C2C333B9DEA5_1_102_o-225x300.jpeg 225w, https:\/\/boomkwekerijmaas.nl\/wp-content\/uploads\/2025\/01\/748CE637-31BC-4CC8-9051-C2C333B9DEA5_1_102_o-768x1024.jpeg 768w, https:\/\/boomkwekerijmaas.nl\/wp-content\/uploads\/2025\/01\/748CE637-31BC-4CC8-9051-C2C333B9DEA5_1_102_o-1152x1536.jpeg 1152w, https:\/\/boomkwekerijmaas.nl\/wp-content\/uploads\/2025\/01\/748CE637-31BC-4CC8-9051-C2C333B9DEA5_1_102_o-600x800.jpeg 600w\" sizes=\"auto, (max-width: 1536px) 100vw, 1536px\" \/><span aria-hidden=\"true\" class=\"wp-block-cover__background has-background-dim-0 has-background-dim\" style=\"background-color:#6e7e7e\"><\/span><div class=\"wp-block-cover__inner-container has-global-padding is-layout-constrained wp-container-core-cover-is-layout-caa2d89a wp-block-cover-is-layout-constrained\">\n<div style=\"height:200px;width:0px\" aria-hidden=\"true\" class=\"wp-block-spacer\"><\/div>\n<\/div><\/div>\n<\/div>\n<\/div>\n\n\n\n<div class=\"wp-block-group alignwide has-tertiary-background-color has-background is-layout-flex wp-block-group-is-layout-flex\" style=\"border-radius:4px;padding-top:0;padding-right:0;padding-bottom:0;padding-left:0\">\n<div class=\"wp-block-cover is-light has-custom-content-position is-position-top-center wp-container-content-1559d078\" style=\"padding-right:var(--wp--preset--spacing--80);padding-left:var(--wp--preset--spacing--80);min-height:100px;aspect-ratio:unset;\"><img loading=\"lazy\" decoding=\"async\" width=\"576\" height=\"1024\" class=\"wp-block-cover__image-background wp-image-426 size-large\" alt=\"\" src=\"https:\/\/boomkwekerijmaas.nl\/wp-content\/uploads\/2025\/05\/cid_51BEFC7C-A1DB-4D87-B2E7-A82F83D16A24-576x1024.jpg\" data-object-fit=\"cover\" srcset=\"https:\/\/boomkwekerijmaas.nl\/wp-content\/uploads\/2025\/05\/cid_51BEFC7C-A1DB-4D87-B2E7-A82F83D16A24-576x1024.jpg 576w, https:\/\/boomkwekerijmaas.nl\/wp-content\/uploads\/2025\/05\/cid_51BEFC7C-A1DB-4D87-B2E7-A82F83D16A24-169x300.jpg 169w, https:\/\/boomkwekerijmaas.nl\/wp-content\/uploads\/2025\/05\/cid_51BEFC7C-A1DB-4D87-B2E7-A82F83D16A24-768x1365.jpg 768w, https:\/\/boomkwekerijmaas.nl\/wp-content\/uploads\/2025\/05\/cid_51BEFC7C-A1DB-4D87-B2E7-A82F83D16A24-864x1536.jpg 864w, https:\/\/boomkwekerijmaas.nl\/wp-content\/uploads\/2025\/05\/cid_51BEFC7C-A1DB-4D87-B2E7-A82F83D16A24.jpg 900w\" sizes=\"auto, (max-width: 576px) 100vw, 576px\" \/><span aria-hidden=\"true\" class=\"wp-block-cover__background has-background-dim-0 has-background-dim\" style=\"background-color:#8b9d91\"><\/span><div class=\"wp-block-cover__inner-container has-global-padding is-layout-constrained wp-container-core-cover-is-layout-caa2d89a wp-block-cover-is-layout-constrained\">\n<div style=\"height:200px;width:0px\" aria-hidden=\"true\" class=\"wp-block-spacer\"><\/div>\n<\/div><\/div>\n\n\n\n<div class=\"wp-block-group has-global-padding is-layout-constrained wp-block-group-is-layout-constrained\" style=\"padding-top:var(--wp--preset--spacing--40);padding-bottom:var(--wp--preset--spacing--40)\">\n<h3 class=\"wp-block-heading\" style=\"font-size:clamp(1.119rem, 1.119rem + ((1vw - 0.2rem) * 1.052), 1.75rem);line-height:1.5\">Szkolka oraz matecznik, jeden z powodow naszego sukcesu<\/h3>\n\n\n\n<p class=\"has-small-font-size\" style=\"margin-top:12px\">Nasze podk\u0142adki gruszy i jab\u0142oni uprawiane s\u0105 na 4-hektarowym pod\u0142o\u017cu szk\u00f3\u0142karskim. Jesieni\u0105 \u015bcinamy p\u0119dy, kt\u00f3re nast\u0119pnie sadzimy wiosn\u0105, szczepione lub nie, aby wyros\u0142y na silne drzewa w naszej szk\u00f3\u0142ce.<\/p>\n<\/div>\n<\/div>\n\n\n\n<div class=\"wp-block-group alignwide has-tertiary-background-color has-background is-layout-flex wp-block-group-is-layout-flex\" style=\"border-radius:4px;padding-top:0;padding-right:0;padding-bottom:0;padding-left:0\">\n<div class=\"wp-block-group has-global-padding is-layout-constrained wp-block-group-is-layout-constrained\" style=\"padding-top:var(--wp--preset--spacing--40);padding-bottom:var(--wp--preset--spacing--40)\">\n<h3 class=\"wp-block-heading\" style=\"font-size:clamp(1.119rem, 1.119rem + ((1vw - 0.2rem) * 1.052), 1.75rem);line-height:1.5\">Okulizacja pigwy: staranna uprawa<\/h3>\n\n\n\n<p class=\"has-small-font-size\" style=\"margin-top:12px\">Podk\u0142adki gruszy (pigwy) s\u0105 sadzone wiosn\u0105 i p\u0105czkowane w sierpniu. Nast\u0119pnie drzewa w naszej szk\u00f3\u0142ce otrzymuj\u0105 opiek\u0119 i uwag\u0119, kt\u00f3rych potrzebuj\u0105, aby dobrze rosn\u0105\u0107.<\/p>\n<\/div>\n\n\n\n<div class=\"wp-block-cover is-light wp-container-content-1559d078\" style=\"padding-right:var(--wp--preset--spacing--80);padding-left:var(--wp--preset--spacing--80);min-height:100%;aspect-ratio:unset;\"><img loading=\"lazy\" decoding=\"async\" width=\"1536\" height=\"2048\" class=\"wp-block-cover__image-background wp-image-195\" alt=\"\" src=\"https:\/\/boomkwekerijmaas.nl\/wp-content\/uploads\/2025\/01\/E2946B63-E2B1-4BC2-81A3-BD4E389B271D_1_102_o.jpeg\" data-object-fit=\"cover\" srcset=\"https:\/\/boomkwekerijmaas.nl\/wp-content\/uploads\/2025\/01\/E2946B63-E2B1-4BC2-81A3-BD4E389B271D_1_102_o.jpeg 1536w, https:\/\/boomkwekerijmaas.nl\/wp-content\/uploads\/2025\/01\/E2946B63-E2B1-4BC2-81A3-BD4E389B271D_1_102_o-225x300.jpeg 225w, https:\/\/boomkwekerijmaas.nl\/wp-content\/uploads\/2025\/01\/E2946B63-E2B1-4BC2-81A3-BD4E389B271D_1_102_o-768x1024.jpeg 768w, https:\/\/boomkwekerijmaas.nl\/wp-content\/uploads\/2025\/01\/E2946B63-E2B1-4BC2-81A3-BD4E389B271D_1_102_o-1152x1536.jpeg 1152w, https:\/\/boomkwekerijmaas.nl\/wp-content\/uploads\/2025\/01\/E2946B63-E2B1-4BC2-81A3-BD4E389B271D_1_102_o-600x800.jpeg 600w\" sizes=\"auto, (max-width: 1536px) 100vw, 1536px\" \/><span aria-hidden=\"true\" class=\"wp-block-cover__background has-background-dim-0 has-background-dim\" style=\"background-color:#8d8a7c\"><\/span><div class=\"wp-block-cover__inner-container has-global-padding is-layout-constrained wp-container-core-cover-is-layout-caa2d89a wp-block-cover-is-layout-constrained\">\n<div style=\"height:200px;width:0px\" aria-hidden=\"true\" class=\"wp-block-spacer\"><\/div>\n<\/div><\/div>\n<\/div>\n\n\n\n<div class=\"wp-block-group alignwide has-tertiary-background-color has-background is-layout-flex wp-block-group-is-layout-flex\" style=\"border-radius:4px;padding-top:0;padding-right:0;padding-bottom:0;padding-left:0\">\n<div class=\"wp-block-cover is-light wp-container-content-1559d078\" style=\"padding-right:var(--wp--preset--spacing--80);padding-left:var(--wp--preset--spacing--80);min-height:100%;aspect-ratio:unset;\"><img loading=\"lazy\" decoding=\"async\" width=\"2048\" height=\"1536\" class=\"wp-block-cover__image-background wp-image-197\" alt=\"\" src=\"https:\/\/boomkwekerijmaas.nl\/wp-content\/uploads\/2025\/01\/C6E69556-9065-4324-878D-C6EC28F37957_1_102_o.jpeg\" data-object-fit=\"cover\" srcset=\"https:\/\/boomkwekerijmaas.nl\/wp-content\/uploads\/2025\/01\/C6E69556-9065-4324-878D-C6EC28F37957_1_102_o.jpeg 2048w, https:\/\/boomkwekerijmaas.nl\/wp-content\/uploads\/2025\/01\/C6E69556-9065-4324-878D-C6EC28F37957_1_102_o-300x225.jpeg 300w, https:\/\/boomkwekerijmaas.nl\/wp-content\/uploads\/2025\/01\/C6E69556-9065-4324-878D-C6EC28F37957_1_102_o-1024x768.jpeg 1024w, https:\/\/boomkwekerijmaas.nl\/wp-content\/uploads\/2025\/01\/C6E69556-9065-4324-878D-C6EC28F37957_1_102_o-768x576.jpeg 768w, https:\/\/boomkwekerijmaas.nl\/wp-content\/uploads\/2025\/01\/C6E69556-9065-4324-878D-C6EC28F37957_1_102_o-1536x1152.jpeg 1536w, https:\/\/boomkwekerijmaas.nl\/wp-content\/uploads\/2025\/01\/C6E69556-9065-4324-878D-C6EC28F37957_1_102_o-600x450.jpeg 600w\" sizes=\"auto, (max-width: 2048px) 100vw, 2048px\" \/><span aria-hidden=\"true\" class=\"wp-block-cover__background has-background-dim-0 has-background-dim\" style=\"background-color:#999e97\"><\/span><div class=\"wp-block-cover__inner-container has-global-padding is-layout-constrained wp-container-core-cover-is-layout-caa2d89a wp-block-cover-is-layout-constrained\">\n<div style=\"height:200px;width:0px\" aria-hidden=\"true\" class=\"wp-block-spacer\"><\/div>\n<\/div><\/div>\n\n\n\n<div class=\"wp-block-group has-global-padding is-layout-constrained wp-block-group-is-layout-constrained\" style=\"padding-top:var(--wp--preset--spacing--40);padding-bottom:var(--wp--preset--spacing--40)\">\n<h3 class=\"wp-block-heading\" style=\"font-size:clamp(1.119rem, 1.119rem + ((1vw - 0.2rem) * 1.052), 1.75rem);line-height:1.5\">Nasza roczna produkcja<\/h3>\n\n\n\n<p class=\"has-small-font-size\" style=\"margin-top:12px\">Boomkwekerij Maas uprawia rocznie oko\u0142o 120 000 grusz i 110 000 jab\u0142oni. Na ponad 21 hektarach ka\u017cde drzewo otrzymuje profesjonaln\u0105 opiek\u0119, na jak\u0105 zas\u0142uguje, dzi\u0119ki czemu wyrasta na zdrowe, wysokiej jako\u015bci drzewa.<\/p>\n<\/div>\n<\/div>\n\n\n\n<div class=\"wp-block-group alignwide has-tertiary-background-color has-background is-layout-flex wp-block-group-is-layout-flex\" style=\"border-radius:4px;padding-top:0;padding-right:0;padding-bottom:0;padding-left:0\">\n<div class=\"wp-block-group has-global-padding is-layout-constrained wp-block-group-is-layout-constrained\" style=\"padding-top:var(--wp--preset--spacing--40);padding-bottom:var(--wp--preset--spacing--40)\">\n<h3 class=\"wp-block-heading\" style=\"font-size:clamp(1.119rem, 1.119rem + ((1vw - 0.2rem) * 1.052), 1.75rem);line-height:1.5\">Nawadnianie<\/h3>\n\n\n\n<p class=\"has-small-font-size\" style=\"margin-top:12px\">Jak tylko zrobi si\u0119 nieco sucho, mo\u017cemy nawodni\u0107 wszystkie dzia\u0142ki za pomoc\u0105 naszego systemu nawadniaj\u0105cego.<\/p>\n<\/div>\n\n\n\n<div class=\"wp-block-cover is-light\" style=\"margin-top:0;margin-bottom:0;padding-top:0;padding-right:var(--wp--preset--spacing--80);padding-bottom:0;padding-left:var(--wp--preset--spacing--80);min-height:100%;aspect-ratio:unset;\"><img loading=\"lazy\" decoding=\"async\" width=\"2048\" height=\"1536\" class=\"wp-block-cover__image-background wp-image-346\" alt=\"\" src=\"https:\/\/boomkwekerijmaas.nl\/wp-content\/uploads\/2025\/04\/9E995F1D-1830-4D8E-BEC6-A1ED13B70DA6_1_102_o.jpeg\" style=\"object-position:60% 50%\" data-object-fit=\"cover\" data-object-position=\"60% 50%\" srcset=\"https:\/\/boomkwekerijmaas.nl\/wp-content\/uploads\/2025\/04\/9E995F1D-1830-4D8E-BEC6-A1ED13B70DA6_1_102_o.jpeg 2048w, https:\/\/boomkwekerijmaas.nl\/wp-content\/uploads\/2025\/04\/9E995F1D-1830-4D8E-BEC6-A1ED13B70DA6_1_102_o-300x225.jpeg 300w, https:\/\/boomkwekerijmaas.nl\/wp-content\/uploads\/2025\/04\/9E995F1D-1830-4D8E-BEC6-A1ED13B70DA6_1_102_o-1024x768.jpeg 1024w, https:\/\/boomkwekerijmaas.nl\/wp-content\/uploads\/2025\/04\/9E995F1D-1830-4D8E-BEC6-A1ED13B70DA6_1_102_o-768x576.jpeg 768w, https:\/\/boomkwekerijmaas.nl\/wp-content\/uploads\/2025\/04\/9E995F1D-1830-4D8E-BEC6-A1ED13B70DA6_1_102_o-1536x1152.jpeg 1536w\" sizes=\"auto, (max-width: 2048px) 100vw, 2048px\" \/><span aria-hidden=\"true\" class=\"wp-block-cover__background has-background-dim-0 has-background-dim\" style=\"background-color:#89865f\"><\/span><div class=\"wp-block-cover__inner-container has-global-padding is-layout-constrained wp-container-core-cover-is-layout-7d753387 wp-block-cover-is-layout-constrained\">\n<div style=\"height:200px;width:0px\" aria-hidden=\"true\" class=\"wp-block-spacer\"><\/div>\n<\/div><\/div>\n<\/div>\n\n\n\n<div class=\"wp-block-group alignwide has-tertiary-background-color has-background is-layout-flex wp-block-group-is-layout-flex\" style=\"border-radius:4px;padding-top:0;padding-right:0;padding-bottom:0;padding-left:0\">\n<div class=\"wp-block-cover wp-container-content-1559d078\" style=\"padding-right:var(--wp--preset--spacing--80);padding-left:var(--wp--preset--spacing--80);min-height:100%;aspect-ratio:unset;\"><img loading=\"lazy\" decoding=\"async\" width=\"769\" height=\"1024\" class=\"wp-block-cover__image-background wp-image-442 size-large\" alt=\"\" src=\"https:\/\/boomkwekerijmaas.nl\/wp-content\/uploads\/2025\/05\/Scherm\u00adafbeelding-2025-05-27-om-15.31.00-1-769x1024.jpg\" data-object-fit=\"cover\" srcset=\"https:\/\/boomkwekerijmaas.nl\/wp-content\/uploads\/2025\/05\/Scherm\u00adafbeelding-2025-05-27-om-15.31.00-1-769x1024.jpg 769w, https:\/\/boomkwekerijmaas.nl\/wp-content\/uploads\/2025\/05\/Scherm\u00adafbeelding-2025-05-27-om-15.31.00-1-225x300.jpg 225w, https:\/\/boomkwekerijmaas.nl\/wp-content\/uploads\/2025\/05\/Scherm\u00adafbeelding-2025-05-27-om-15.31.00-1-768x1023.jpg 768w, https:\/\/boomkwekerijmaas.nl\/wp-content\/uploads\/2025\/05\/Scherm\u00adafbeelding-2025-05-27-om-15.31.00-1-1153x1536.jpg 1153w, https:\/\/boomkwekerijmaas.nl\/wp-content\/uploads\/2025\/05\/Scherm\u00adafbeelding-2025-05-27-om-15.31.00-1.jpg 1456w\" sizes=\"auto, (max-width: 769px) 100vw, 769px\" \/><span aria-hidden=\"true\" class=\"wp-block-cover__background has-background-dim-0 has-background-dim\" style=\"background-color:#89796d\"><\/span><div class=\"wp-block-cover__inner-container has-global-padding is-layout-constrained wp-container-core-cover-is-layout-caa2d89a wp-block-cover-is-layout-constrained\">\n<div style=\"height:200px;width:0px\" aria-hidden=\"true\" class=\"wp-block-spacer\"><\/div>\n<\/div><\/div>\n\n\n\n<div class=\"wp-block-group has-global-padding is-layout-constrained wp-block-group-is-layout-constrained\" style=\"padding-top:var(--wp--preset--spacing--40);padding-bottom:var(--wp--preset--spacing--40)\">\n<h3 class=\"wp-block-heading\" style=\"font-size:clamp(1.119rem, 1.119rem + ((1vw - 0.2rem) * 1.052), 1.75rem);line-height:1.5\">Zarz\u0105dzanie i przechowywanie<\/h3>\n\n\n\n<p class=\"has-small-font-size\" style=\"margin-top:12px\">Nasze drzewka przechowujemy w specjalnie zbudowanych ch\u0142odniach, kt\u00f3re s\u0105 wyposa\u017cone w system nawil\u017cania, dzi\u0119ki czemu drzewa pozostaj\u0105 w optymalnym stanie a\u017c do momentu, gdy b\u0119d\u0105 gotowe do sprzeda\u017cy.<\/p>\n<\/div>\n<\/div>\n<\/div>","protected":false},"excerpt":{"rendered":"<p>Een bloeiend bedrijf met kwaliteit en lage kosten Boomkwekerij Maas is een snelgroeiend bedrijf dat zich onderscheidt door de combinatie van lage overheadkosten en een scherpe prijsstelling. Ondanks onze gunstige prijzen, staat de kwaliteit van onze producten altijd centraal. Van Start in de Jaren &#8217;90 Onze geschiedenis gaat terug naar de beginjaren &#8217;90, toen eigenaar [&hellip;]<\/p>\n","protected":false},"author":1,"featured_media":0,"parent":0,"menu_order":0,"comment_status":"closed","ping_status":"closed","template":"","meta":{"footnotes":""},"class_list":["post-154","page","type-page","status-publish","hentry"],"_links":{"self":[{"href":"https:\/\/boomkwekerijmaas.nl\/pl\/wp-json\/wp\/v2\/pages\/154","targetHints":{"allow":["GET"]}}],"collection":[{"href":"https:\/\/boomkwekerijmaas.nl\/pl\/wp-json\/wp\/v2\/pages"}],"about":[{"href":"https:\/\/boomkwekerijmaas.nl\/pl\/wp-json\/wp\/v2\/types\/page"}],"author":[{"embeddable":true,"href":"https:\/\/boomkwekerijmaas.nl\/pl\/wp-json\/wp\/v2\/users\/1"}],"replies":[{"embeddable":true,"href":"https:\/\/boomkwekerijmaas.nl\/pl\/wp-json\/wp\/v2\/comments?post=154"}],"version-history":[{"count":19,"href":"https:\/\/boomkwekerijmaas.nl\/pl\/wp-json\/wp\/v2\/pages\/154\/revisions"}],"predecessor-version":[{"id":445,"href":"https:\/\/boomkwekerijmaas.nl\/pl\/wp-json\/wp\/v2\/pages\/154\/revisions\/445"}],"wp:attachment":[{"href":"https:\/\/boomkwekerijmaas.nl\/pl\/wp-json\/wp\/v2\/media?parent=154"}],"curies":[{"name":"wp","href":"https:\/\/api.w.org\/{rel}","templated":true}]}}